{"id":2770,"date":"2024-04-08T10:04:37","date_gmt":"2024-04-08T10:04:37","guid":{"rendered":"http:\/\/clapat-themes.com\/wordpress\/montoya\/?page_id=2770"},"modified":"2025-12-19T10:51:38","modified_gmt":"2025-12-19T10:51:38","slug":"contact","status":"publish","type":"page","link":"https:\/\/www.teamonproduction.com.tr\/?page_id=2770","title":{"rendered":"Contact"},"content":{"rendered":"\n<div class=\"wp-block-montoya-gutenberg-container content-row dark-section full row_padding_left row_padding_right has-clip-path\" data-bgcolor=\"#0c0c0c\" style=\"text-align:left\">\n<div style=\"text-align: center;\">\n<iframe src=\"https:\/\/www.google.com\/maps\/embed?pb=!1m14!1m8!1m3!1d4284.627711113511!2d36.82345900338609!3d37.59585192286576!3m2!1i1024!2i768!4f13.1!3m3!1m2!1s0x152ddb2b603098e3%3A0x55784f26b7955a6e!2zVGVhbW9uIFByb2TDvGtzaXlvbiBZYXDEsW1jxLFsxLFrIE1lZHlhIEdydWJ1!5e1!3m2!1str!2str!4v1765627996113!5m2!1str!2str\" width=\"100%\" height=\"450\" style=\"border:0;\" allowfullscreen=\"\" loading=\"lazy\" referrerpolicy=\"no-referrer-when-downgrade\"><\/iframe>\n<\/div>\n<\/div>\n\n\n\n<div class=\"wp-block-montoya-gutenberg-container content-row dark-section small row_padding_top row_padding_bottom\" data-bgcolor=\"#0c0c0c\" style=\"text-align:center\">\n<h2 class=\"wp-block-heading big-title has-mask-fill primary-font-title\">Let&#8217;s Talk<\/h2>\n\n\n\n<div style=\"height:80px\" aria-hidden=\"true\" class=\"wp-block-spacer\"><\/div>\n\n\n\n<div class=\"wpcf7 no-js\" id=\"wpcf7-f3105-o1\" lang=\"en-US\" dir=\"ltr\" data-wpcf7-id=\"3105\">\n<div class=\"screen-reader-response\"><p role=\"status\" aria-live=\"polite\" aria-atomic=\"true\"><\/p> <ul><\/ul><\/div>\n<form action=\"\/index.php?rest_route=%2Fwp%2Fv2%2Fpages%2F2770#wpcf7-f3105-o1\" method=\"post\" class=\"wpcf7-form init\" aria-label=\"Contact form\" novalidate=\"novalidate\" data-status=\"init\">\n<fieldset class=\"hidden-fields-container\"><input type=\"hidden\" name=\"_wpcf7\" value=\"3105\" \/><input type=\"hidden\" name=\"_wpcf7_version\" value=\"6.1.5\" \/><input type=\"hidden\" name=\"_wpcf7_locale\" value=\"en_US\" \/><input type=\"hidden\" name=\"_wpcf7_unit_tag\" value=\"wpcf7-f3105-o1\" \/><input type=\"hidden\" name=\"_wpcf7_container_post\" value=\"0\" \/><input type=\"hidden\" name=\"_wpcf7_posted_data_hash\" value=\"\" \/>\n<\/fieldset>\n<div id=\"contact-formular\" class=\"text-align-center\">\n\t<div class=\"name-box has-animation\">\n\t\t<p><span class=\"wpcf7-form-control-wrap\" data-name=\"your-name\"><input size=\"40\" maxlength=\"400\" class=\"wpcf7-form-control wpcf7-text wpcf7-validates-as-required\" aria-required=\"true\" aria-invalid=\"false\" placeholder=\"What&#039;s Your Name\" value=\"\" type=\"text\" name=\"your-name\" \/><\/span>\n\t\t<\/p>\n\t<\/div>\n\t<div class=\"email-box has-animation\">\n\t\t<p><span class=\"wpcf7-form-control-wrap\" data-name=\"your-email\"><input size=\"40\" maxlength=\"400\" class=\"wpcf7-form-control wpcf7-email wpcf7-validates-as-required wpcf7-text wpcf7-validates-as-email\" aria-required=\"true\" aria-invalid=\"false\" placeholder=\"Your E-mail\" value=\"\" type=\"email\" name=\"your-email\" \/><\/span>\n\t\t<\/p>\n\t<\/div>\n\t<div class=\"message-box has-animation\">\n\t\t<p><span class=\"wpcf7-form-control-wrap\" data-name=\"your-message\"><textarea cols=\"40\" rows=\"10\" maxlength=\"2000\" class=\"wpcf7-form-control wpcf7-textarea wpcf7-validates-as-required\" aria-required=\"true\" aria-invalid=\"false\" placeholder=\"Tell Us About Your Project\" name=\"your-message\"><\/textarea><\/span>\n\t\t<\/p>\n\t<\/div>\n\t<div class=\"button-box has-animation\" data-delay=\"100\">\n\t\t<div class=\"clapat-button-wrap parallax-wrap hide-ball\">\n\t\t\t<div class=\"clapat-button parallax-element\">\n\t\t\t\t<div class=\"button-border rounded outline parallax-element-second\">\n\t\t\t\t\t<p><input class=\"wpcf7-form-control wpcf7-submit has-spinner\" type=\"submit\" value=\"Send Message\" \/>\n\t\t\t\t\t<\/p>\n\t\t\t\t<\/div>\n\t\t\t<\/div>\n\t\t<\/div>\n\t<\/div>\n<\/div><div class=\"wpcf7-response-output\" aria-hidden=\"true\"><\/div>\n<\/form>\n<\/div>\n\n<\/div>\n\n\n\n<div class=\"wp-block-montoya-gutenberg-container content-row dark-section normal\" data-bgcolor=\"#0c0c0c\" style=\"text-align:center\">\n<div class=\"wp-block-columns is-layout-flex wp-container-core-columns-is-layout-9d6595d7 wp-block-columns-is-layout-flex\">\n<div class=\"wp-block-column is-layout-flow wp-block-column-is-layout-flow\">\n<div class=\"box-icon-wrapper block-boxes text-align-center\"><div class=\"box-icon\"><i class=\"fa fa-paper-plane fa-2x fa-2x\" aria-hidden=\"true\"><\/i><\/div><div class=\"box-icon-content\"><h6 class=\"no-margins\">teamonmedya@gmail.com<\/h6><p>Email<\/p><\/div><\/div>\n<\/div>\n\n\n\n<div class=\"wp-block-column is-layout-flow wp-block-column-is-layout-flow\">\n<div class=\"box-icon-wrapper block-boxes text-align-center\"><div class=\"box-icon\"><i class=\"fa fa-map-marker fa-2x fa-2x\" aria-hidden=\"true\"><\/i><\/div><div class=\"box-icon-content\"><h6 class=\"no-margins\">\u00dcng\u00fct Mahallesi Bilgi\u00e7 Park Sitesi\u00a0Alt\u0131 ON\u0130K\u0130\u015eUBAT\/KAHRAMANMARA\u015e<\/h6><p>Address<\/p><\/div><\/div>\n<\/div>\n\n\n\n<div class=\"wp-block-column is-layout-flow wp-block-column-is-layout-flow\">\n<div class=\"box-icon-wrapper block-boxes text-align-center\"><div class=\"box-icon\"><i class=\"fa fa-phone fa-2x fa-2x\" aria-hidden=\"true\"><\/i><\/div><div class=\"box-icon-content\"><h6 class=\"no-margins\">0532 060 14 00<\/h6><p>Phone<\/p><\/div><\/div>\n<\/div>\n<\/div>\n<\/div>\n","protected":false},"excerpt":{"rendered":"","protected":false},"author":1,"featured_media":0,"parent":0,"menu_order":0,"comment_status":"closed","ping_status":"closed","template":"","meta":{"footnotes":""},"class_list":["post-2770","page","type-page","status-publish","hentry"],"_links":{"self":[{"href":"https:\/\/www.teamonproduction.com.tr\/index.php?rest_route=\/wp\/v2\/pages\/2770","targetHints":{"allow":["GET"]}}],"collection":[{"href":"https:\/\/www.teamonproduction.com.tr\/index.php?rest_route=\/wp\/v2\/pages"}],"about":[{"href":"https:\/\/www.teamonproduction.com.tr\/index.php?rest_route=\/wp\/v2\/types\/page"}],"author":[{"embeddable":true,"href":"https:\/\/www.teamonproduction.com.tr\/index.php?rest_route=\/wp\/v2\/users\/1"}],"replies":[{"embeddable":true,"href":"https:\/\/www.teamonproduction.com.tr\/index.php?rest_route=%2Fwp%2Fv2%2Fcomments&post=2770"}],"version-history":[{"count":10,"href":"https:\/\/www.teamonproduction.com.tr\/index.php?rest_route=\/wp\/v2\/pages\/2770\/revisions"}],"predecessor-version":[{"id":3215,"href":"https:\/\/www.teamonproduction.com.tr\/index.php?rest_route=\/wp\/v2\/pages\/2770\/revisions\/3215"}],"wp:attachment":[{"href":"https:\/\/www.teamonproduction.com.tr\/index.php?rest_route=%2Fwp%2Fv2%2Fmedia&parent=2770"}],"curies":[{"name":"wp","href":"https:\/\/api.w.org\/{rel}","templated":true}]}}